{"id":7,"date":"2018-11-06T10:34:45","date_gmt":"2018-11-06T10:34:45","guid":{"rendered":"https:\/\/denta.ro\/about\/"},"modified":"2025-11-24T17:04:02","modified_gmt":"2025-11-24T15:04:02","slug":"info-expozanti","status":"publish","type":"page","link":"https:\/\/denta.ro\/en\/info-expozanti\/","title":{"rendered":"Exhibitor info"},"content":{"rendered":"<div class=\"wpb-content-wrapper\"><div class=\"vc_row wpb_row vc_row-fluid vc_custom_1561964015799 vc_row-o-equal-height vc_row-o-content-middle vc_row-flex\"><div class=\"wpb_column vc_column_container vc_col-sm-6\"><div class=\"vc_column-inner vc_custom_1561963982378\"><div class=\"wpb_wrapper\"><div id=\"ultimate-heading-580869d36752b0428\" class=\"uvc-heading ult-adjust-bottom-margin ultimate-heading-580869d36752b0428 uvc-9317  uvc-heading-default-font-sizes\" data-hspacer=\"no_spacer\"  data-halign=\"left\" style=\"text-align:left\"><div class=\"uvc-heading-spacer no_spacer\" style=\"top\"><\/div><div class=\"uvc-sub-heading ult-responsive\"  data-ultimate-target='.uvc-heading.ultimate-heading-580869d36752b0428 .uvc-sub-heading '  data-responsive-json-new='{\"font-size\":\"\",\"line-height\":\"\"}'  style=\"font-weight:normal;\"><\/p>\n<p style=\"text-align: justify;\">The exhibition brings to the forefront the latest trends in the field of medicine and dental technology, being dedicated to profile companies from Romania and abroad. The event represents an excellent opportunity for business meetings, connecting with current and potential partners, as well as interacting with opinion leaders in a professional setting, conducive to business dialogue.<\/p>\n<p style=\"text-align: justify;\">As the most important exhibition of its kind in the country, DENTA brings together manufacturers, importers and distributors of equipment, accessories, materials, oral hygiene products and chemical-pharmaceutical items for dental medicine and technology.<\/p>\n<p><\/div><\/div><\/div><\/div><\/div><div class=\"wpb_column vc_column_container vc_col-sm-6\"><div class=\"vc_column-inner\"><div class=\"wpb_wrapper\">\n\t<div  class=\"wpb_single_image wpb_content_element vc_align_left  vc_custom_1750161640140\">\n\t\t\n\t\t<figure class=\"wpb_wrapper vc_figure\">\n\t\t\t<div class=\"vc_single_image-wrapper   vc_box_border_grey\"><img loading=\"lazy\" decoding=\"async\" width=\"2560\" height=\"1805\" src=\"https:\/\/denta.ro\/wp-content\/uploads\/2025\/06\/3-scaled.jpg\" class=\"vc_single_image-img attachment-full\" alt=\"\" title=\"3\" srcset=\"https:\/\/denta.ro\/wp-content\/uploads\/2025\/06\/3-scaled.jpg 2560w, https:\/\/denta.ro\/wp-content\/uploads\/2025\/06\/3-300x212.jpg 300w, https:\/\/denta.ro\/wp-content\/uploads\/2025\/06\/3-1024x722.jpg 1024w, https:\/\/denta.ro\/wp-content\/uploads\/2025\/06\/3-768x542.jpg 768w, https:\/\/denta.ro\/wp-content\/uploads\/2025\/06\/3-1536x1083.jpg 1536w, https:\/\/denta.ro\/wp-content\/uploads\/2025\/06\/3-2048x1444.jpg 2048w\" sizes=\"auto, (max-width: 2560px) 100vw, 2560px\"  data-dt-location=\"https:\/\/denta.ro\/en\/info-expozanti\/attachment\/3\/\" \/><\/div>\n\t\t<\/figure>\n\t<\/div>\n<\/div><\/div><\/div><\/div><div class=\"vc_row wpb_row vc_row-fluid vc_custom_1561964153013 vc_row-o-equal-height vc_row-o-content-middle vc_row-flex\"><div class=\"wpb_column vc_column_container vc_col-sm-6\"><div class=\"vc_column-inner\"><div class=\"wpb_wrapper\">\n\t<div  class=\"wpb_single_image wpb_content_element vc_align_left  vc_custom_1750161775493\">\n\t\t\n\t\t<figure class=\"wpb_wrapper vc_figure\">\n\t\t\t<div class=\"vc_single_image-wrapper   vc_box_border_grey\"><img loading=\"lazy\" decoding=\"async\" width=\"2560\" height=\"1704\" src=\"https:\/\/denta.ro\/wp-content\/uploads\/2025\/06\/10-scaled.jpg\" class=\"vc_single_image-img attachment-full\" alt=\"\" title=\"10\" srcset=\"https:\/\/denta.ro\/wp-content\/uploads\/2025\/06\/10-scaled.jpg 2560w, https:\/\/denta.ro\/wp-content\/uploads\/2025\/06\/10-300x200.jpg 300w, https:\/\/denta.ro\/wp-content\/uploads\/2025\/06\/10-1024x682.jpg 1024w, https:\/\/denta.ro\/wp-content\/uploads\/2025\/06\/10-768x511.jpg 768w, https:\/\/denta.ro\/wp-content\/uploads\/2025\/06\/10-1536x1022.jpg 1536w, https:\/\/denta.ro\/wp-content\/uploads\/2025\/06\/10-2048x1363.jpg 2048w\" sizes=\"auto, (max-width: 2560px) 100vw, 2560px\"  data-dt-location=\"https:\/\/denta.ro\/en\/info-expozanti\/attachment\/10\/\" \/><\/div>\n\t\t<\/figure>\n\t<\/div>\n<\/div><\/div><\/div><div class=\"wpb_column vc_column_container vc_col-sm-6\"><div class=\"vc_column-inner vc_custom_1562003166274\"><div class=\"wpb_wrapper\"><div id=\"ultimate-heading-660369d36752b19d3\" class=\"uvc-heading ult-adjust-bottom-margin ultimate-heading-660369d36752b19d3 uvc-9718  uvc-heading-default-font-sizes\" data-hspacer=\"no_spacer\"  data-halign=\"left\" style=\"text-align:left\"><div class=\"uvc-heading-spacer no_spacer\" style=\"top\"><\/div><div class=\"uvc-sub-heading ult-responsive\"  data-ultimate-target='.uvc-heading.ultimate-heading-660369d36752b19d3 .uvc-sub-heading '  data-responsive-json-new='{\"font-size\":\"\",\"line-height\":\"\"}'  style=\"font-weight:normal;\"><\/p>\n<div id=\"ultimate-heading-79936851565b7f54e\" class=\"uvc-heading ult-adjust-bottom-margin ultimate-heading-79936851565b7f54e uvc-2211 color-title accent-title-color\" data-hspacer=\"no_spacer\" data-halign=\"left\">\n<div class=\"uvc-main-heading ult-responsive\" data-ultimate-target=\".uvc-heading.ultimate-heading-79936851565b7f54e h2\" data-responsive-json-new=\"{&quot;font-size&quot;:&quot;desktop:15px;&quot;,&quot;line-height&quot;:&quot;desktop:26px;&quot;}\">\n<h2>Arrangement period:<\/h2>\n<\/div>\n<\/div>\n<div class=\"standard-arrow bullet-top\">\n<ul>\n<li>Pentru firmele care construiesc standurile \u00een regim propriu sau cu firm\u0103 ter\u021b\u0103: 14 \u2013 15.10.2026, interval orar 08:00 \u2013 20:00<\/li>\n<li>Pentru firmele care construiesc standurile cu Romexpo: 15.10.2026, interval orar 08:00 \u2013 20:00<\/li>\n<\/ul>\n<\/div>\n<div id=\"ultimate-heading-23216851565b7f5ef\" class=\"uvc-heading ult-adjust-bottom-margin ultimate-heading-23216851565b7f5ef uvc-5809 color-title accent-title-color\" data-hspacer=\"no_spacer\" data-halign=\"left\">\n<div class=\"uvc-main-heading ult-responsive\" data-ultimate-target=\".uvc-heading.ultimate-heading-23216851565b7f5ef h2\" data-responsive-json-new=\"{&quot;font-size&quot;:&quot;desktop:15px;&quot;,&quot;line-height&quot;:&quot;desktop:26px;&quot;}\">\n<h2>Decommissioning period:<\/h2>\n<\/div>\n<\/div>\n<div class=\"standard-arrow bullet-top\">\n<ul>\n<li>18.10.2026, interval orar 18:00 \u2013 20:00 ( acces Bulevardul Poligrafiei, 2, Poarta E-Romexpo, Pavilion B2 )<\/li>\n<li>19.10.2026, interval orar 08:00 \u2013 20:00 ( acces Bulevardul Poligrafiei, 2, Poarta E-Romexpo, Pavilion B2 )<\/li>\n<\/ul>\n<\/div>\n<p><\/div><\/div><\/div><\/div><\/div><\/div>\n<\/div>","protected":false},"excerpt":{"rendered":"<p>Expozi\u021bia aduce \u00een prim-plan cele mai noi tendin\u021be din domeniul medicinei \u0219i tehnicii dentare, fiind dedicat\u0103 companiilor de profil din Rom\u00e2nia \u0219i din str\u0103in\u0103tate. Evenimentul reprezint\u0103 o oportunitate excelent\u0103 pentru \u00eent\u00e2lniri de afaceri, conectarea cu parteneri actuali \u0219i poten\u021biali, precum \u0219i interac\u021biunea cu lideri de opinie \u00eentr-un cadru profesional, propice dialogului de business. Fiind cea&hellip;<\/p>","protected":false},"author":1,"featured_media":0,"parent":0,"menu_order":0,"comment_status":"closed","ping_status":"closed","template":"","meta":{"_monsterinsights_skip_tracking":false,"_monsterinsights_sitenote_active":false,"_monsterinsights_sitenote_note":"","_monsterinsights_sitenote_category":0,"_uf_show_specific_survey":0,"_uf_disable_surveys":false,"footnotes":""},"class_list":["post-7","page","type-page","status-publish","hentry","description-off"],"aioseo_notices":[],"jetpack_sharing_enabled":true,"_links":{"self":[{"href":"https:\/\/denta.ro\/en\/wp-json\/wp\/v2\/pages\/7","targetHints":{"allow":["GET"]}}],"collection":[{"href":"https:\/\/denta.ro\/en\/wp-json\/wp\/v2\/pages"}],"about":[{"href":"https:\/\/denta.ro\/en\/wp-json\/wp\/v2\/types\/page"}],"author":[{"embeddable":true,"href":"https:\/\/denta.ro\/en\/wp-json\/wp\/v2\/users\/1"}],"replies":[{"embeddable":true,"href":"https:\/\/denta.ro\/en\/wp-json\/wp\/v2\/comments?post=7"}],"version-history":[{"count":9,"href":"https:\/\/denta.ro\/en\/wp-json\/wp\/v2\/pages\/7\/revisions"}],"predecessor-version":[{"id":1625,"href":"https:\/\/denta.ro\/en\/wp-json\/wp\/v2\/pages\/7\/revisions\/1625"}],"wp:attachment":[{"href":"https:\/\/denta.ro\/en\/wp-json\/wp\/v2\/media?parent=7"}],"curies":[{"name":"wp","href":"https:\/\/api.w.org\/{rel}","templated":true}]}}